{"id":2530,"date":"2022-01-20T10:23:33","date_gmt":"2022-01-20T09:23:33","guid":{"rendered":"https:\/\/ima-tec.dev.b2kmedia.de\/?page_id=2530"},"modified":"2025-04-09T11:20:30","modified_gmt":"2025-04-09T09:20:30","slug":"historie","status":"publish","type":"page","link":"https:\/\/ima-tec-gmbh.com\/de\/unternehmen\/historie\/","title":{"rendered":"Historie"},"content":{"rendered":"<p>[et_pb_section fb_built=&#8220;1&#8243; fullwidth=&#8220;on&#8220; _builder_version=&#8220;4.16&#8243; global_colors_info=&#8220;{}&#8220;][et_pb_fullwidth_slider show_pagination=&#8220;off&#8220; admin_label=&#8220;Historie &#8211; Vollbreiter Slider&#8220; _builder_version=&#8220;4.16&#8243; auto=&#8220;on&#8220; global_colors_info=&#8220;{}&#8220;][et_pb_slide use_bg_overlay=&#8220;off&#8220; use_text_overlay=&#8220;off&#8220; _builder_version=&#8220;4.16&#8243; background_color=&#8220;#ffffff&#8220; background_image=&#8220;https:\/\/ima-tec-gmbh.com\/wp-content\/uploads\/170116_ima_tec_DSC4926.jpg&#8220; background_position=&#8220;center_left&#8220; button_on_hover=&#8220;on&#8220; global_colors_info=&#8220;{}&#8220; sticky_transition=&#8220;on&#8220;][\/et_pb_slide][et_pb_slide use_bg_overlay=&#8220;off&#8220; use_text_overlay=&#8220;off&#8220; _builder_version=&#8220;4.16&#8243; background_color=&#8220;#ffffff&#8220; background_image=&#8220;https:\/\/ima-tec-gmbh.com\/wp-content\/uploads\/Aktuelles_Halle_UPF_innen_1.jpg&#8220; background_position=&#8220;center_left&#8220; button_on_hover=&#8220;on&#8220; global_colors_info=&#8220;{}&#8220; sticky_transition=&#8220;on&#8220;][\/et_pb_slide][et_pb_slide use_bg_overlay=&#8220;off&#8220; use_text_overlay=&#8220;off&#8220; _builder_version=&#8220;4.16&#8243; background_color=&#8220;#ffffff&#8220; background_image=&#8220;https:\/\/ima-tec-gmbh.com\/wp-content\/uploads\/170116_ima_tec_DSC4930.jpg&#8220; background_position=&#8220;center_left&#8220; button_on_hover=&#8220;on&#8220; global_colors_info=&#8220;{}&#8220; sticky_transition=&#8220;on&#8220;][\/et_pb_slide][\/et_pb_fullwidth_slider][\/et_pb_section][et_pb_section fb_built=&#8220;1&#8243; _builder_version=&#8220;4.16&#8243; global_colors_info=&#8220;{}&#8220;][et_pb_row _builder_version=&#8220;4.16&#8243; background_size=&#8220;initial&#8220; background_position=&#8220;top_left&#8220; background_repeat=&#8220;repeat&#8220; global_colors_info=&#8220;{}&#8220; column_structure=&#8220;1_3,2_3&#8243;][et_pb_column type=&#8220;1_3&#8243; _builder_version=&#8220;4.16&#8243; custom_padding=&#8220;|||&#8220; global_colors_info=&#8220;{}&#8220; custom_padding__hover=&#8220;|||&#8220;][et_pb_image src=&#8220;https:\/\/ima-tec-gmbh.com\/wp-content\/uploads\/171027_ima_tec_DSC_0650-sw.jpg&#8220; align=&#8220;center&#8220; align_tablet=&#8220;center&#8220; align_last_edited=&#8220;on|desktop&#8220; _builder_version=&#8220;4.16&#8243; global_colors_info=&#8220;{}&#8220; align_phone=&#8220;center&#8220;][\/et_pb_image][\/et_pb_column][et_pb_column type=&#8220;2_3&#8243; _builder_version=&#8220;4.16&#8243; custom_padding=&#8220;|||&#8220; global_colors_info=&#8220;{}&#8220; custom_padding__hover=&#8220;|||&#8220;][et_pb_blurb admin_label=&#8220;Firmenjubil\u00e4um&#8220; _builder_version=&#8220;4.16&#8243; global_colors_info=&#8220;{}&#8220;]<\/p>\n<h2><strong><span style=\"color: #bb1e10;\">FIRMENJUBIL\u00c4UM &#8211; 15 Jahre ima-tec gmbh<\/span><\/strong><\/h2>\n<p>\u00a0<\/p>\n<p>Alles begann im Jahr 2007 mit nur 5 Mitarbeitern. Mittlerweile z\u00e4hlen wir mehr als 95 engagierte Kollegen zu unserem Team und k\u00f6nnen auf 15 Jahre Firmengeschichte zur\u00fcckblicken. Hiermit danken wir allen, die die ima-tec gmbh zu dem gemacht haben, was sie ist \u2013 ein erfolgreiches und innovatives Unternehmen im Bereich Sondermaschinenbau. Au\u00dferdem danken wir unseren Kunden f\u00fcr das entgegengebrachte Vertrauen und die langj\u00e4hrige Treue. Wir freuen uns auf die n\u00e4chsten 15 Jahre!<\/p>\n<p>\u00a0<\/p>\n<p>[\/et_pb_blurb][\/et_pb_column][\/et_pb_row][\/et_pb_section][et_pb_section fb_built=&#8220;1&#8243; _builder_version=&#8220;4.16&#8243; global_colors_info=&#8220;{}&#8220;][et_pb_row _builder_version=&#8220;4.16&#8243; background_size=&#8220;initial&#8220; background_position=&#8220;top_left&#8220; background_repeat=&#8220;repeat&#8220; global_colors_info=&#8220;{}&#8220; column_structure=&#8220;1_3,2_3&#8243;][et_pb_column type=&#8220;1_3&#8243; _builder_version=&#8220;4.16&#8243; custom_padding=&#8220;|||&#8220; global_colors_info=&#8220;{}&#8220; custom_padding__hover=&#8220;|||&#8220;][et_pb_image src=&#8220;https:\/\/ima-tec-gmbh.com\/wp-content\/uploads\/Motek-2021-Kopie-1.jpg&#8220; align=&#8220;center&#8220; align_tablet=&#8220;center&#8220; align_last_edited=&#8220;on|desktop&#8220; _builder_version=&#8220;4.16&#8243; global_colors_info=&#8220;{}&#8220; align_phone=&#8220;center&#8220;][\/et_pb_image][\/et_pb_column][et_pb_column type=&#8220;2_3&#8243; _builder_version=&#8220;4.16&#8243; custom_padding=&#8220;|||&#8220; global_colors_info=&#8220;{}&#8220; custom_padding__hover=&#8220;|||&#8220;][et_pb_blurb admin_label=&#8220;Motek 2021&#8243; _builder_version=&#8220;4.16&#8243; global_colors_info=&#8220;{}&#8220;]<\/p>\n<h2><span style=\"color: #bb1e10;\"><strong>MOTEK 2021 in Stuttgart<\/strong><br \/><\/span><\/h2>\n<h2>vom 05.10. bis 08.10.2021<\/h2>\n<p>&nbsp;<\/p>\n<p>Trotz der Pandemie war die Motek 2021 f\u00fcr uns sehr erfolgreich. Aufgrund der aktuellen <br \/>Situation bedauerlicherweise ohne unseren Partner SAR. Wir sind aber zuversichtlich, <br \/>dass im Jahr 2022 wieder ein gemeinsamer Besuch auf der Internationalen Fachmesse <br \/>f\u00fcr Produktions- und Montageautomatisierung m\u00f6glich sein wird.<\/p>\n<p>[\/et_pb_blurb][\/et_pb_column][\/et_pb_row][\/et_pb_section][et_pb_section fb_built=&#8220;1&#8243; _builder_version=&#8220;4.16&#8243; global_colors_info=&#8220;{}&#8220;][et_pb_row _builder_version=&#8220;4.16&#8243; background_size=&#8220;initial&#8220; background_position=&#8220;top_left&#8220; background_repeat=&#8220;repeat&#8220; global_colors_info=&#8220;{}&#8220; column_structure=&#8220;1_3,2_3&#8243;][et_pb_column type=&#8220;1_3&#8243; _builder_version=&#8220;4.16&#8243; custom_padding=&#8220;|||&#8220; global_colors_info=&#8220;{}&#8220; custom_padding__hover=&#8220;|||&#8220;][et_pb_image src=&#8220;https:\/\/ima-tec-gmbh.com\/wp-content\/uploads\/Aktuelles_Halle_UPF_innen_2_klein.jpg&#8220; align=&#8220;center&#8220; align_tablet=&#8220;center&#8220; align_last_edited=&#8220;on|desktop&#8220; _builder_version=&#8220;4.16&#8243; global_colors_info=&#8220;{}&#8220; align_phone=&#8220;center&#8220;][\/et_pb_image][\/et_pb_column][et_pb_column type=&#8220;2_3&#8243; _builder_version=&#8220;4.16&#8243; custom_padding=&#8220;|||&#8220; global_colors_info=&#8220;{}&#8220; custom_padding__hover=&#8220;|||&#8220;][et_pb_blurb admin_label=&#8220;Fertigungsfl\u00e4che&#8220; _builder_version=&#8220;4.16&#8243; global_colors_info=&#8220;{}&#8220;]<\/p>\n<h2><strong><span style=\"color: #bb1e10;\">ima-tec vergr\u00f6\u00dfert Geb\u00e4udefl\u00e4che<\/span><\/strong><\/h2>\n<h2>1.100 m\u00b2 neue Produktionsfl\u00e4che, 200 m\u00b2 neue B\u00fcrofl\u00e4che<\/h2>\n<pre>\u00a0<\/pre>\n<p>Seit dem I. Quartal 2019 verf\u00fcgt die ima-tec gmbh \u00fcber insgesamt 1300 m\u00b2 mehr Geb\u00e4ude-<br \/>fl\u00e4che um dem Wirtschaftswachstum Schritt zu halten! Die neuen Fl\u00e4chen werden f\u00fcr unseren <br \/>wachsenden Maschinenpark und den dazugeh\u00f6rigen Werkzeugbau mit Arbeitsvorbereitung, <br \/>CAM-Programmierung und die Materialwirtschaft ben\u00f6tigt.<\/p>\n<p>Nur so k\u00f6nnen wir auch in der Zukunft die hohe Fertigungstiefe und besonders schnelle <br \/>Reaktionszeiten bei der Ersatzteilbereitstellung f\u00fcr Sie als unseren Kunden sicherstellen, <br \/>ganz nach dem Motto:<\/p>\n<p>&nbsp;<\/p>\n<h4 style=\"text-align: left;\"><strong>&#8230;alles aus <span style=\"color: #bb1e10;\">einer <\/span>Hand&#8230;<\/strong><\/h4>\n<p>[\/et_pb_blurb][\/et_pb_column][\/et_pb_row][\/et_pb_section][et_pb_section fb_built=&#8220;1&#8243; _builder_version=&#8220;4.16&#8243; global_colors_info=&#8220;{}&#8220;][et_pb_row _builder_version=&#8220;4.16&#8243; background_size=&#8220;initial&#8220; background_position=&#8220;top_left&#8220; background_repeat=&#8220;repeat&#8220; global_colors_info=&#8220;{}&#8220; column_structure=&#8220;1_3,2_3&#8243;][et_pb_column type=&#8220;1_3&#8243; _builder_version=&#8220;4.16&#8243; custom_padding=&#8220;|||&#8220; global_colors_info=&#8220;{}&#8220; custom_padding__hover=&#8220;|||&#8220;][et_pb_image src=&#8220;https:\/\/ima-tec-gmbh.com\/wp-content\/uploads\/SAR_Logo_ohne_Lichtpunkt.jpg&#8220; url=&#8220;http:\/\/www.sar.biz\/index.asp&#8220; align=&#8220;center&#8220; align_tablet=&#8220;center&#8220; align_last_edited=&#8220;on|desktop&#8220; _builder_version=&#8220;4.16&#8243; global_colors_info=&#8220;{}&#8220; align_phone=&#8220;center&#8220;][\/et_pb_image][\/et_pb_column][et_pb_column type=&#8220;2_3&#8243; _builder_version=&#8220;4.16&#8243; custom_padding=&#8220;|||&#8220; global_colors_info=&#8220;{}&#8220; custom_padding__hover=&#8220;|||&#8220;][et_pb_blurb admin_label=&#8220;SAR Group&#8220; _builder_version=&#8220;4.16&#8243; global_colors_info=&#8220;{}&#8220;]<\/p>\n<h2><strong><span style=\"color: #bb1e10;\">ima-tec neuer Teil der SAR Group<\/span><\/strong><\/h2>\n<h2>seit 2017 partnerschaftlich und leistungsstark<\/h2>\n<p>&nbsp;<\/p>\n<div class=\"et_pb_column et_pb_column_4_4 et_pb_column_0 et_pb_css_mix_blend_mode_passthrough et-last-child\">\n<div class=\"et_pb_module et_pb_blurb et_pb_blurb_1 et_pb_bg_layout_light et_pb_text_align_left et_pb_blurb_position_top\">\n<div class=\"et_pb_blurb_content\">\n<div class=\"et_pb_blurb_container\">\n<div class=\"et_pb_blurb_description\">\n<p>Fortan ist ima-tec ein stolzer Teil der <a href=\"http:\/\/www.sar.biz\/index.asp\"><span style=\"color: #0000ff;\"><span style=\"color: #0088ff;\">SAR Group<\/span><\/span><\/a>. Seite an Seite mit diesem starken Partner <br \/>tritt ima-tec auf dem internationalen Markt auf.<\/p>\n<p>Alle bekannten St\u00e4rken der ima-tec gmbh bleiben nach wie vor vollumf\u00e4nglich erhalten <br \/>und werden durch die deutsche Ingenieurleistung der SAR noch verst\u00e4rkt.<\/p>\n<p>Gemeinsam handeln wir, denn es gilt:<\/p>\n<p>&nbsp;<\/p>\n<h3><span style=\"color: #007dc9;\">WERTSCH\u00d6PFUNG DURCH AUTOMATISIERUNG<\/span><\/h3>\n<\/div>\n<\/div>\n<\/div>\n<\/div>\n<\/div>\n<p>[\/et_pb_blurb][\/et_pb_column][\/et_pb_row][\/et_pb_section]<\/p>\n","protected":false},"excerpt":{"rendered":"<p>FIRMENJUBIL\u00c4UM &#8211; 15 Jahre ima-tec gmbh\u00a0Alles begann im Jahr 2007 mit nur 5 Mitarbeitern. Mittlerweile z\u00e4hlen wir mehr als 95 engagierte Kollegen zu unserem Team und k\u00f6nnen auf 15 Jahre Firmengeschichte zur\u00fcckblicken. Hiermit danken wir allen, die die ima-tec gmbh zu dem gemacht haben, was sie ist \u2013 ein erfolgreiches und innovatives Unternehmen im Bereich [&hellip;]<\/p>\n","protected":false},"author":14,"featured_media":0,"parent":54,"menu_order":0,"comment_status":"closed","ping_status":"closed","template":"","meta":{"_et_pb_use_builder":"on","_et_pb_old_content":"","_et_gb_content_width":"","footnotes":""},"class_list":["post-2530","page","type-page","status-publish","hentry"],"_links":{"self":[{"href":"https:\/\/ima-tec-gmbh.com\/de\/wp-json\/wp\/v2\/pages\/2530","targetHints":{"allow":["GET"]}}],"collection":[{"href":"https:\/\/ima-tec-gmbh.com\/de\/wp-json\/wp\/v2\/pages"}],"about":[{"href":"https:\/\/ima-tec-gmbh.com\/de\/wp-json\/wp\/v2\/types\/page"}],"author":[{"embeddable":true,"href":"https:\/\/ima-tec-gmbh.com\/de\/wp-json\/wp\/v2\/users\/14"}],"replies":[{"embeddable":true,"href":"https:\/\/ima-tec-gmbh.com\/de\/wp-json\/wp\/v2\/comments?post=2530"}],"version-history":[{"count":26,"href":"https:\/\/ima-tec-gmbh.com\/de\/wp-json\/wp\/v2\/pages\/2530\/revisions"}],"predecessor-version":[{"id":3720,"href":"https:\/\/ima-tec-gmbh.com\/de\/wp-json\/wp\/v2\/pages\/2530\/revisions\/3720"}],"up":[{"embeddable":true,"href":"https:\/\/ima-tec-gmbh.com\/de\/wp-json\/wp\/v2\/pages\/54"}],"wp:attachment":[{"href":"https:\/\/ima-tec-gmbh.com\/de\/wp-json\/wp\/v2\/media?parent=2530"}],"curies":[{"name":"wp","href":"https:\/\/api.w.org\/{rel}","templated":true}]}}