{"id":3674,"date":"2025-04-09T10:57:27","date_gmt":"2025-04-09T08:57:27","guid":{"rendered":"https:\/\/ima-tec-gmbh.com\/?page_id=3674"},"modified":"2025-08-06T14:24:08","modified_gmt":"2025-08-06T12:24:08","slug":"ausbildung-zerspanungsmechaniker","status":"publish","type":"page","link":"https:\/\/ima-tec-gmbh.com\/de\/ausbildung-zerspanungsmechaniker\/","title":{"rendered":"Ausbildung Zerspanungsmechaniker"},"content":{"rendered":"<p>[et_pb_section fb_built=&#8220;1&#8243; fullwidth=&#8220;on&#8220; _builder_version=&#8220;4.27.4&#8243; _module_preset=&#8220;default&#8220; global_colors_info=&#8220;{}&#8220;][et_pb_fullwidth_header _builder_version=&#8220;4.27.4&#8243; _module_preset=&#8220;default&#8220; background_image=&#8220;https:\/\/ima-tec-gmbh.com\/wp-content\/uploads\/Kontakt_Wuerfel.jpg&#8220; global_colors_info=&#8220;{}&#8220;][\/et_pb_fullwidth_header][\/et_pb_section][et_pb_section fb_built=&#8220;1&#8243; admin_label=&#8220;section&#8220; _builder_version=&#8220;4.16&#8243; global_colors_info=&#8220;{}&#8220;][et_pb_row admin_label=&#8220;row&#8220; _builder_version=&#8220;4.16&#8243; background_size=&#8220;initial&#8220; background_position=&#8220;top_left&#8220; background_repeat=&#8220;repeat&#8220; global_colors_info=&#8220;{}&#8220;][et_pb_column type=&#8220;4_4&#8243; _builder_version=&#8220;4.16&#8243; custom_padding=&#8220;|||&#8220; global_colors_info=&#8220;{}&#8220; custom_padding__hover=&#8220;|||&#8220;][et_pb_blurb admin_label=&#8220;Einleitung&#8220; _builder_version=&#8220;4.27.4&#8243; _module_preset=&#8220;default&#8220; global_colors_info=&#8220;{}&#8220;]<\/p>\n<p>Als Tochter der SAR Group ist die ima-tec GmbH ein kompetenter Ansprechpartner f\u00fcr intelligente Montage- und Automatisierungstechnik mit Sitz in K\u00fcrnach bei W\u00fcrzburg,<br \/>wo wir mehr als 90 Menschen ein berufliches Zuhause geben.<\/p>\n<p>[\/et_pb_blurb][et_pb_blurb admin_label=&#8220;DEINE AUSBILDUNG &#8211; DEINE CHANCE &#8211; DEIN ERFOLG&#8220; _builder_version=&#8220;4.27.4&#8243; _module_preset=&#8220;default&#8220; global_colors_info=&#8220;{}&#8220;]<\/p>\n<h3><strong>DEINE AUSBILDUNG &#8211; DEINE CHANCE &#8211; DEINE ZUKUNFT<\/strong><\/h3>\n<p>[\/et_pb_blurb][et_pb_blurb admin_label=&#8220;Einleitung&#8220; _builder_version=&#8220;4.27.4&#8243; _module_preset=&#8220;default&#8220; global_colors_info=&#8220;{}&#8220;]<\/p>\n<p>Du m\u00f6chtest in einem dynamischen Team an der Herstellung von Produktionsanlagen der Zukunft arbeiten?<br \/>Geh mit uns auf Erfolgskurs!<\/p>\n<p>[\/et_pb_blurb][et_pb_blurb admin_label=&#8220;Zerspanungsmechaniker&#8220; _builder_version=&#8220;4.27.4&#8243; _module_preset=&#8220;default&#8220; global_colors_info=&#8220;{}&#8220;]<\/p>\n<h1><span style=\"color: #bb1e10;\"><strong>Ausbildung zum Zerspanungsmechaniker (m\/w\/d)<br \/>Fachrichtung Dreh- und Fr\u00e4stechnik<\/strong><\/span><\/h1>\n<p><strong><span style=\"color: #bb1e10;\"><br \/>Arbeitsort: Unterpleichfeld<br \/>Arbeitszeit: 35-Stunden-Woche<br \/><\/span><\/strong><\/p>\n<p>[\/et_pb_blurb][et_pb_blurb disabled_on=&#8220;on|on|on&#8220; admin_label=&#8220;Zerspanungsmechaniker, Inhalt (alte Version)&#8220; _builder_version=&#8220;4.27.4&#8243; _module_preset=&#8220;default&#8220; hover_enabled=&#8220;0&#8243; disabled=&#8220;on&#8220; global_colors_info=&#8220;{}&#8220; sticky_enabled=&#8220;0&#8243;]<\/p>\n<p>In der Ausbildung zum <strong>Zerspanungsmechaniker\/in f\u00fcr Dreh- und Fr\u00e4stechnik<\/strong> lernst du die wichtigsten Grundlagen der manuellen und maschinellen Werkstoffbearbeitung.<br \/>Du lernst mechanische Grundfertigkeiten wie Drehen, Fr\u00e4sen und Bohren an konventionellen und CNC-Maschinen. W\u00e4hrend der Ausbildung lernst Du, wie die unterschiedlichsten<br \/>Werkst\u00fccke und Baugruppen aus Metall und Kunststoff mit modernsten Maschinen und Ger\u00e4ten hergestellt werden und sorgst daf\u00fcr, dass die einzelnen Bauteile exakt so<br \/>produziert werden, damit sie zuverl\u00e4ssig passen und langlebig funktionieren.<\/p>\n<p>&nbsp;<\/p>\n<p><strong>DAS ERWARTET WIR VON DIR:<\/strong><\/p>\n<ul>\n<li>Erfolgreich abgeschlossene Mittlere Reife \/ mittleren Bildungsabschluss<\/li>\n<li>Gute Noten in den F\u00e4chern Technik, Physik und Mathematik<\/li>\n<li>Handwerkliches Geschick und technisches Verst\u00e4ndnis<\/li>\n<li>Interesse an High-Tech-Produkten, Computer-Technik und modernsten Maschinen<\/li>\n<li>Beobachtungsgenauigkeit und ein Auge f\u00fcr Details<\/li>\n<\/ul>\n<p>[\/et_pb_blurb][et_pb_blurb admin_label=&#8220;Zerspanungsmechaniker, Inhalt&#8220; _builder_version=&#8220;4.27.4&#8243; _module_preset=&#8220;default&#8220; global_colors_info=&#8220;{}&#8220;]<\/p>\n<p>In der Ausbildung zum <strong>Zerspanungsmechaniker\/in f\u00fcr Dreh- und Fr\u00e4stechnik<\/strong> lernst du die wichtigsten Grundlagen der manuellen und maschinellen Werkstoffbearbeitung.<br \/>Du lernst mechanische Grundfertigkeiten wie Drehen, Fr\u00e4sen und Bohren an konventionellen und CNC-Maschinen. W\u00e4hrend der Ausbildung lernst Du, wie die unterschiedlichsten<br \/>Werkst\u00fccke und Baugruppen aus Metall und Kunststoff mit modernsten Maschinen und Ger\u00e4ten hergestellt werden und sorgst daf\u00fcr, dass die einzelnen Bauteile exakt so<br \/>produziert werden, damit sie zuverl\u00e4ssig passen und langlebig funktionieren.<\/p>\n<p>&nbsp;<\/p>\n<p><strong>SO PASST DU PERFEKT ZU UNS:<\/strong><\/p>\n<ul>\n<li>Du hast einen (qualifizierenden) Mittelschulabschluss oder mittleren Schulabschluss (MSA)<\/li>\n<li>Du magst Mathe und Physik<\/li>\n<li>Du hast technisches Verst\u00e4ndnis und handwerkliches Geschick<\/li>\n<li>Du interessierst Dich f\u00fcrs Programmieren und Fertigen<\/li>\n<li>Du arbeitest sorgf\u00e4ltig und genau<\/li>\n<li>Du kannst Dich klar und verst\u00e4ndlich ausdr\u00fccken<\/li>\n<\/ul>\n<p>&nbsp;<\/p>\n<p><strong>DARAUF KANNST DU DICH FREUEN:<\/strong><\/p>\n<ul>\n<li>Fertigung von Pr\u00e4zisionsbauteilen, u. a. aus Aluminium, Stahl und Kunststoff<\/li>\n<li>Arbeiten mit hochmodernen CNC-Maschinen (Drehen, Fr\u00e4sen, Bohren)<\/li>\n<li>Programmierung, Einrichtung und \u00dcberwachung der Maschinen<\/li>\n<li>Fertigung nach technischen Zeichnungen &#8211; pr\u00e4zise und zuverl\u00e4ssig<\/li>\n<\/ul>\n<p>&nbsp;<\/p>\n<p>[\/et_pb_blurb][et_pb_blurb admin_label=&#8220;Ausbildungsbeginn, Bewerbungsfrist, Ausbildungsdauer, Berufsschule&#8220; _builder_version=&#8220;4.27.4&#8243; _module_preset=&#8220;default&#8220; global_colors_info=&#8220;{}&#8220;]<\/p>\n<p><strong>AUSBILDUNGSBEGINN:\u00a0 \u00a0 \u00a001. September 2025<br \/>BEWERBUNGSFRIST:\u00a0 \u00a0 \u00a0 \u00a0 \u00a0laufend<br \/>AUSBILDUNGSDAUER:\u00a0 \u00a0 \u00a0 3,5 Jahre (Verk\u00fcrzung m\u00f6glich)<br \/>BERUFSCHULE:\u00a0 \u00a0 \u00a0 \u00a0 \u00a0 \u00a0 \u00a0 \u00a0 \u00a0 Klassische duale Berufsausbildung (Blockschule)<\/strong><\/p>\n<p>[\/et_pb_blurb][et_pb_blurb admin_label=&#8220;Nachwuchskr\u00e4fte, wir freuen uns auf deine Bewerbung&#8220; _builder_version=&#8220;4.27.4&#8243; _module_preset=&#8220;default&#8220; global_colors_info=&#8220;{}&#8220;]<\/p>\n<p>Wir bauen auf Nachwuchskr\u00e4fte, die bei uns ausgebildet werden. Wir begleiten deine Entwicklung von Anfang an und unterst\u00fctzen dich.<br \/>Haben wir dein Interesse geweckt? Dann freuen wir uns auf deine aussagekr\u00e4ftige Bewerbung.<\/p>\n<p>[\/et_pb_blurb][et_pb_blurb admin_label=&#8220;Ansprechpartner + Kontakt&#8220; _builder_version=&#8220;4.27.4&#8243; _module_preset=&#8220;default&#8220; global_colors_info=&#8220;{}&#8220;]<\/p>\n<p><strong>Dein Ansprechpartner<\/strong><br \/>Frau Uschi Flachs<br \/><strong><span style=\"color: #bb1e10;\">jobs@ima-tec-gmbh.com<br \/>Mobil: 0170 1015969<\/p>\n<p><\/span><\/strong><\/p>\n<p><span style=\"color: #bb1e10;\"><strong>ima-tec GmbH<\/strong><\/span><br \/>Wachtelberg 10<br \/>97273 K\u00fcrnach<\/p>\n<p>&nbsp;<\/p>\n<p>[\/et_pb_blurb][et_pb_button button_url=&#8220;https:\/\/ima-tec-gmbh.com\/de\/?page_id=4039&#038;preview=true&#8220; button_text=&#8220;JETZT ONLINE BEWERBEN&#8220; disabled_on=&#8220;off|off|off&#8220; admin_label=&#8220;Button JETZT ONLINE BEWERBEN&#8220; _builder_version=&#8220;4.27.4&#8243; _module_preset=&#8220;default&#8220; global_colors_info=&#8220;{}&#8220;][\/et_pb_button][\/et_pb_column][\/et_pb_row][\/et_pb_section]<\/p>\n","protected":false},"excerpt":{"rendered":"<p>Als Tochter der SAR Group ist die ima-tec GmbH ein kompetenter Ansprechpartner f\u00fcr intelligente Montage- und Automatisierungstechnik mit Sitz in K\u00fcrnach bei W\u00fcrzburg,wo wir mehr als 90 Menschen ein berufliches Zuhause geben.DEINE AUSBILDUNG &#8211; DEINE CHANCE &#8211; DEINE ZUKUNFTDu m\u00f6chtest in einem dynamischen Team an der Herstellung von Produktionsanlagen der Zukunft arbeiten?Geh mit uns auf [&hellip;]<\/p>\n","protected":false},"author":14,"featured_media":0,"parent":0,"menu_order":0,"comment_status":"closed","ping_status":"closed","template":"","meta":{"_et_pb_use_builder":"on","_et_pb_old_content":"","_et_gb_content_width":"","footnotes":""},"class_list":["post-3674","page","type-page","status-publish","hentry"],"_links":{"self":[{"href":"https:\/\/ima-tec-gmbh.com\/de\/wp-json\/wp\/v2\/pages\/3674","targetHints":{"allow":["GET"]}}],"collection":[{"href":"https:\/\/ima-tec-gmbh.com\/de\/wp-json\/wp\/v2\/pages"}],"about":[{"href":"https:\/\/ima-tec-gmbh.com\/de\/wp-json\/wp\/v2\/types\/page"}],"author":[{"embeddable":true,"href":"https:\/\/ima-tec-gmbh.com\/de\/wp-json\/wp\/v2\/users\/14"}],"replies":[{"embeddable":true,"href":"https:\/\/ima-tec-gmbh.com\/de\/wp-json\/wp\/v2\/comments?post=3674"}],"version-history":[{"count":34,"href":"https:\/\/ima-tec-gmbh.com\/de\/wp-json\/wp\/v2\/pages\/3674\/revisions"}],"predecessor-version":[{"id":4139,"href":"https:\/\/ima-tec-gmbh.com\/de\/wp-json\/wp\/v2\/pages\/3674\/revisions\/4139"}],"wp:attachment":[{"href":"https:\/\/ima-tec-gmbh.com\/de\/wp-json\/wp\/v2\/media?parent=3674"}],"curies":[{"name":"wp","href":"https:\/\/api.w.org\/{rel}","templated":true}]}}