{"id":3703,"date":"2025-04-09T11:04:05","date_gmt":"2025-04-09T09:04:05","guid":{"rendered":"https:\/\/ima-tec-gmbh.com\/?page_id=3703"},"modified":"2025-08-06T14:23:28","modified_gmt":"2025-08-06T12:23:28","slug":"ausbildung-mechatroniker","status":"publish","type":"page","link":"https:\/\/ima-tec-gmbh.com\/de\/ausbildung-mechatroniker\/","title":{"rendered":"Ausbildung Mechatroniker"},"content":{"rendered":"<p>[et_pb_section fb_built=&#8220;1&#8243; fullwidth=&#8220;on&#8220; _builder_version=&#8220;4.27.4&#8243; _module_preset=&#8220;default&#8220; global_colors_info=&#8220;{}&#8220;][et_pb_fullwidth_header _builder_version=&#8220;4.27.4&#8243; _module_preset=&#8220;default&#8220; background_image=&#8220;https:\/\/ima-tec-gmbh.com\/wp-content\/uploads\/Kontakt_Wuerfel.jpg&#8220; global_colors_info=&#8220;{}&#8220;][\/et_pb_fullwidth_header][\/et_pb_section][et_pb_section fb_built=&#8220;1&#8243; admin_label=&#8220;section&#8220; _builder_version=&#8220;4.16&#8243; global_colors_info=&#8220;{}&#8220;][et_pb_row admin_label=&#8220;row&#8220; _builder_version=&#8220;4.16&#8243; background_size=&#8220;initial&#8220; background_position=&#8220;top_left&#8220; background_repeat=&#8220;repeat&#8220; global_colors_info=&#8220;{}&#8220;][et_pb_column type=&#8220;4_4&#8243; _builder_version=&#8220;4.16&#8243; custom_padding=&#8220;|||&#8220; global_colors_info=&#8220;{}&#8220; custom_padding__hover=&#8220;|||&#8220;][et_pb_blurb admin_label=&#8220;Einleitung&#8220; _builder_version=&#8220;4.27.4&#8243; _module_preset=&#8220;default&#8220; global_colors_info=&#8220;{}&#8220;]<\/p>\n<p>Als Tochter der SAR Group ist die ima-tec GmbH ein kompetenter Ansprechpartner f\u00fcr intelligente Montage- und Automatisierungstechnik mit Sitz in K\u00fcrnach bei W\u00fcrzburg,<br \/>wo wir mehr als 90 Menschen ein berufliches Zuhause geben.<\/p>\n<p>[\/et_pb_blurb][et_pb_blurb admin_label=&#8220;DEINE AUSBILDUNG &#8211; DEINE CHANCE &#8211; DEIN ERFOLG&#8220; _builder_version=&#8220;4.27.4&#8243; _module_preset=&#8220;default&#8220; global_colors_info=&#8220;{}&#8220;]<\/p>\n<h3><strong>DEINE AUSBILDUNG &#8211; DEINE CHANCE &#8211; DEINE ZUKUNFT<\/strong><\/h3>\n<p>[\/et_pb_blurb][et_pb_blurb admin_label=&#8220;Einleitung&#8220; _builder_version=&#8220;4.27.4&#8243; _module_preset=&#8220;default&#8220; global_colors_info=&#8220;{}&#8220;]<\/p>\n<p>Du m\u00f6chtest in einem dynamischen Team an der Herstellung von Produktionsanlagen der Zukunft arbeiten?<br \/>Geh mit uns auf Erfolgskurs!<\/p>\n<p>[\/et_pb_blurb][et_pb_blurb admin_label=&#8220;Mechatroniker&#8220; _builder_version=&#8220;4.27.4&#8243; _module_preset=&#8220;default&#8220; hover_enabled=&#8220;0&#8243; global_colors_info=&#8220;{}&#8220; sticky_enabled=&#8220;0&#8243;]<\/p>\n<h1><span style=\"color: #bb1e10;\"><strong>Ausbildung zum Mechatroniker (m\/w\/d)<br \/><\/strong><\/span><\/h1>\n<p><strong><span style=\"color: #bb1e10;\"><br \/>Arbeitsort: K\u00fcrnach<br \/>Arbeitszeit: 35-Stunden-Woche<\/span><\/strong><\/p>\n<p>[\/et_pb_blurb][et_pb_blurb disabled_on=&#8220;on|on|on&#8220; admin_label=&#8220;Mechatroniker, Inhalt (alte Version)&#8220; _builder_version=&#8220;4.27.4&#8243; _module_preset=&#8220;default&#8220; hover_enabled=&#8220;0&#8243; global_colors_info=&#8220;{}&#8220; sticky_enabled=&#8220;0&#8243; disabled=&#8220;on&#8220;]<\/p>\n<p>Der <strong>Mechatroniker\/in<\/strong> liegt an der Schnittstelle von Maschinenbau, Elektrotechnik und Informatik. Es geht um Maschinen und Anlagen sowie Systeme<br \/>und Systemkomponenten, bei denen mechanische und elektronische Funktionen zusammenwirken. Ein Beispiel daf\u00fcr sind die programmierbaren<br \/>Werkzeugmaschinen. Mechatroniker werden beim Bau, bei der Instandhaltung und Wartung dieser Maschinen und Anlagen eingesetzt.<\/p>\n<p>&nbsp;<\/p>\n<p><strong>DAS ERWARTET WIR VON DIR:<\/strong><\/p>\n<ul>\n<li>Erfolgreich abgeschlossene Mittlere Reife \/ mittleren Bildungsabschluss<\/li>\n<li>Gutes Verst\u00e4ndnis f\u00fcr technische Vorg\u00e4nge und Zusammenh\u00e4nge<\/li>\n<li>Handwerkliches Geschick<\/li>\n<li>Einsatzbereitschaft und Teamgeist<\/li>\n<li>Zuverl\u00e4ssigkeit und ein hohes Ma\u00df an Lernbereitschaft<\/li>\n<\/ul>\n<p>[\/et_pb_blurb][et_pb_blurb admin_label=&#8220;Mechatroniker, Inhalt &#8220; _builder_version=&#8220;4.27.4&#8243; _module_preset=&#8220;default&#8220; hover_enabled=&#8220;0&#8243; global_colors_info=&#8220;{}&#8220; sticky_enabled=&#8220;0&#8243;]<\/p>\n<p>Der <strong>Mechatroniker\/in<\/strong> liegt an der Schnittstelle von Maschinenbau, Elektrotechnik und Informatik. Es geht um Maschinen und Anlagen sowie Systeme<br \/>und Systemkomponenten, bei denen mechanische und elektronische Funktionen zusammenwirken. Ein Beispiel daf\u00fcr sind die programmierbaren<br \/>Werkzeugmaschinen. Mechatroniker werden beim Bau, bei der Instandhaltung und Wartung dieser Maschinen und Anlagen eingesetzt.<\/p>\n<p>&nbsp;<\/p>\n<p><strong>SO PASST DU PERFEKT ZU UNS:<\/strong><\/p>\n<ul>\n<li>Du hast einen mittleren Schulabschluss, die (Fach-) Hochschulreife oder das Abitur<\/li>\n<li>Du magst Mathe und Physik<\/li>\n<li>Du interessierst Dich f\u00fcr Mechanik und Elektronik<\/li>\n<li>Du hast ein gutes technisches Verst\u00e4ndnis und handwerkliches Geschick<\/li>\n<li>Du kannst Dich klar und verst\u00e4ndlich ausdr\u00fccken<\/li>\n<\/ul>\n<p>&nbsp;<\/p>\n<p><strong>DARAUF KANNST DU DICH FREUEN:<\/strong><\/p>\n<ul>\n<li>Grund- und Fachausbildung im Bereich Metallverarbeitung sowie Elektrotechnik<\/li>\n<li>Montage, Installation und Wartung mechanischer, elektrischer und elektronischer Systeme<\/li>\n<li>Arbeit mit Pneumatik, Hydraulik und SPS-Steuerungstechnik<\/li>\n<li>Inbetriebnahme und Instandhaltung moderner Maschinen und Anlagen<\/li>\n<\/ul>\n<p>&nbsp;<\/p>\n<p>[\/et_pb_blurb][et_pb_blurb admin_label=&#8220;Ausbildungsbeginn, Bewerbungsfrist, Ausbildungsdauer, Berufsschule&#8220; _builder_version=&#8220;4.27.4&#8243; _module_preset=&#8220;default&#8220; global_colors_info=&#8220;{}&#8220;]<\/p>\n<p><strong>AUSBILDUNGSBEGINN:\u00a0 \u00a0 \u00a001. September 2026<br \/>BEWERBUNGSFRIST:\u00a0 \u00a0 \u00a0 \u00a0 \u00a0laufend<br \/>AUSBILDUNGSDAUER:\u00a0 \u00a0 \u00a0 3,5 Jahre (Verk\u00fcrzung m\u00f6glich)<br \/>BERUFSCHULE:\u00a0 \u00a0 \u00a0 \u00a0 \u00a0 \u00a0 \u00a0 \u00a0 \u00a0 Klassische duale Berufsausbildung (Blockschule)<\/strong><\/p>\n<p>[\/et_pb_blurb][et_pb_blurb admin_label=&#8220;Nachwuchskr\u00e4fte, wir freuen uns auf deine Bewerbung&#8220; _builder_version=&#8220;4.27.4&#8243; _module_preset=&#8220;default&#8220; global_colors_info=&#8220;{}&#8220;]<\/p>\n<p>Wir bauen auf Nachwuchskr\u00e4fte, die bei uns ausgebildet werden. Wir begleiten deine Entwicklung von Anfang an und unterst\u00fctzen dich.<br \/>Haben wir dein Interesse geweckt? Dann freuen wir uns auf deine aussagekr\u00e4ftige Bewerbung.<\/p>\n<p>[\/et_pb_blurb][et_pb_blurb admin_label=&#8220;Ansprechpartner + Kontakt&#8220; _builder_version=&#8220;4.27.4&#8243; _module_preset=&#8220;default&#8220; global_colors_info=&#8220;{}&#8220;]<\/p>\n<p><strong>Dein Ansprechpartner<\/strong><br \/>Frau Uschi Flachs<br \/><strong><span style=\"color: #bb1e10;\">jobs@ima-tec-gmbh.com<br \/>Mobil: 0170 1015969<\/span><\/strong><\/p>\n<p>&nbsp;<\/p>\n<p>&nbsp;<\/p>\n<p><span style=\"color: #bb1e10;\"><strong>ima-tec GmbH<\/strong><\/span><br \/>Wachtelberg 10<br \/>97273 K\u00fcrnach<\/p>\n<p>&nbsp;<\/p>\n<p>[\/et_pb_blurb][et_pb_button button_url=&#8220;https:\/\/ima-tec-gmbh.com\/de\/?page_id=4039&#038;preview=true&#8220; button_text=&#8220;JETZT ONLINE BEWERBEN&#8220; disabled_on=&#8220;off|off|off&#8220; admin_label=&#8220;Button JETZT ONLINE BEWERBEN&#8220; _builder_version=&#8220;4.27.4&#8243; _module_preset=&#8220;default&#8220; global_colors_info=&#8220;{}&#8220;][\/et_pb_button][\/et_pb_column][\/et_pb_row][\/et_pb_section]<\/p>\n","protected":false},"excerpt":{"rendered":"<p>Als Tochter der SAR Group ist die ima-tec GmbH ein kompetenter Ansprechpartner f\u00fcr intelligente Montage- und Automatisierungstechnik mit Sitz in K\u00fcrnach bei W\u00fcrzburg,wo wir mehr als 90 Menschen ein berufliches Zuhause geben.DEINE AUSBILDUNG &#8211; DEINE CHANCE &#8211; DEINE ZUKUNFTDu m\u00f6chtest in einem dynamischen Team an der Herstellung von Produktionsanlagen der Zukunft arbeiten?Geh mit uns auf [&hellip;]<\/p>\n","protected":false},"author":14,"featured_media":0,"parent":0,"menu_order":0,"comment_status":"closed","ping_status":"closed","template":"","meta":{"_et_pb_use_builder":"on","_et_pb_old_content":"","_et_gb_content_width":"","footnotes":""},"class_list":["post-3703","page","type-page","status-publish","hentry"],"_links":{"self":[{"href":"https:\/\/ima-tec-gmbh.com\/de\/wp-json\/wp\/v2\/pages\/3703","targetHints":{"allow":["GET"]}}],"collection":[{"href":"https:\/\/ima-tec-gmbh.com\/de\/wp-json\/wp\/v2\/pages"}],"about":[{"href":"https:\/\/ima-tec-gmbh.com\/de\/wp-json\/wp\/v2\/types\/page"}],"author":[{"embeddable":true,"href":"https:\/\/ima-tec-gmbh.com\/de\/wp-json\/wp\/v2\/users\/14"}],"replies":[{"embeddable":true,"href":"https:\/\/ima-tec-gmbh.com\/de\/wp-json\/wp\/v2\/comments?post=3703"}],"version-history":[{"count":16,"href":"https:\/\/ima-tec-gmbh.com\/de\/wp-json\/wp\/v2\/pages\/3703\/revisions"}],"predecessor-version":[{"id":4138,"href":"https:\/\/ima-tec-gmbh.com\/de\/wp-json\/wp\/v2\/pages\/3703\/revisions\/4138"}],"wp:attachment":[{"href":"https:\/\/ima-tec-gmbh.com\/de\/wp-json\/wp\/v2\/media?parent=3703"}],"curies":[{"name":"wp","href":"https:\/\/api.w.org\/{rel}","templated":true}]}}