{"id":4580,"date":"2025-12-18T14:08:00","date_gmt":"2025-12-18T13:08:00","guid":{"rendered":"https:\/\/ima-tec-gmbh.com\/?page_id=4580"},"modified":"2026-01-07T15:32:34","modified_gmt":"2026-01-07T14:32:34","slug":"stellenangebot-hr-mitarbeiter-m-w-d","status":"publish","type":"page","link":"https:\/\/ima-tec-gmbh.com\/de\/stellenangebot-hr-mitarbeiter-m-w-d\/","title":{"rendered":"Stellenangebot HR Mitarbeiter (m\/w\/d)"},"content":{"rendered":"<p>[et_pb_section fb_built=&#8220;1&#8243; fullwidth=&#8220;on&#8220; disabled_on=&#8220;off|off|off&#8220; _builder_version=&#8220;4.27.4&#8243; _module_preset=&#8220;default&#8220; global_colors_info=&#8220;{}&#8220;][et_pb_fullwidth_header _builder_version=&#8220;4.27.4&#8243; _module_preset=&#8220;default&#8220; background_image=&#8220;https:\/\/ima-tec-gmbh.com\/wp-content\/uploads\/Kontakt_Wuerfel.jpg&#8220; global_colors_info=&#8220;{}&#8220;][\/et_pb_fullwidth_header][\/et_pb_section][et_pb_section fb_built=&#8220;1&#8243; admin_label=&#8220;section&#8220; _builder_version=&#8220;4.16&#8243; global_colors_info=&#8220;{}&#8220;][et_pb_row admin_label=&#8220;row&#8220; _builder_version=&#8220;4.16&#8243; background_size=&#8220;initial&#8220; background_position=&#8220;top_left&#8220; background_repeat=&#8220;repeat&#8220; global_colors_info=&#8220;{}&#8220;][et_pb_column type=&#8220;4_4&#8243; _builder_version=&#8220;4.16&#8243; custom_padding=&#8220;|||&#8220; global_colors_info=&#8220;{}&#8220; custom_padding__hover=&#8220;|||&#8220;][et_pb_blurb admin_label=&#8220;Einleitung&#8220; _builder_version=&#8220;4.27.4&#8243; _module_preset=&#8220;default&#8220; global_colors_info=&#8220;{}&#8220;]Als Tochter der SAR Group ist die ima-tec GmbH ein kompetenter Ansprechpartner f\u00fcr intelligente Montage- und Automatisierungstechnik mit Sitz in K\u00fcrnach bei W\u00fcrzburg,<br \/>\nwo wir mehr als 90 Menschen ein berufliches Zuhause geben. Wenn Du eine interessante und abwechslungsreiche Aufgabe suchst, dann bist Du bei uns richtig!<\/p>\n<h3><\/h3>\n<p>[\/et_pb_blurb][et_pb_blurb admin_label=&#8220;Zur Verst\u00e4rkung unseres Teams suchen wir einen&#8220; _builder_version=&#8220;4.27.4&#8243; _module_preset=&#8220;default&#8220; global_colors_info=&#8220;{}&#8220;]<\/p>\n<h3>Zur Verst\u00e4rkung unseres Teams suchen wir einen<\/h3>\n<p>[\/et_pb_blurb][et_pb_blurb admin_label=&#8220;Stellenangebot&#8220; _builder_version=&#8220;4.27.4&#8243; _module_preset=&#8220;default&#8220; global_colors_info=&#8220;{}&#8220;]<\/p>\n<h1><span style=\"color: #bb1e10;\"><strong>HR Mitarbeiter (m\/w\/d) in Teilzeit<\/strong><\/span><\/h1>\n<h1>\u00a0<\/h1>\n<p>&nbsp;<\/p>\n<p>[\/et_pb_blurb][et_pb_blurb admin_label=&#8220;Stellenangebot, Inhalt&#8220; _builder_version=&#8220;4.27.4&#8243; _module_preset=&#8220;default&#8220; hover_enabled=&#8220;0&#8243; global_colors_info=&#8220;{}&#8220; sticky_enabled=&#8220;0&#8243;]<\/p>\n<p><strong>DEINE AUFGABEN<\/strong><\/p>\n<ul>\n<li>Verantwortung f\u00fcr die Verwaltung und Pflege unseres Zeiterfassungssystems Timecard 10<\/li>\n<li>Zentrale Ansprechperson (m\/w\/d) f\u00fcr alle Themen rund um die Zeiterfassung<\/li>\n<li>Erstellung von Auswertungen und Statistiken<\/li>\n<li>Organisation und Administration f\u00fcr das Recruiting rund um unsere Ausbildungsberufe<\/li>\n<li>Mitwirkung bei der Entwicklung und Umsetzung von Recruiting-Ma\u00dfnahmen, im Bereich Ausbildung, in Zusammenarbeit mit unseren Ausbilder\/-innen<\/li>\n<li>Organisation und Teilnahme an Recruitingevents \/ Karrieremessen zur Gewinnung von Auszubildenden<\/li>\n<li>Allgemeine Aufgaben im Personalwesen<\/li>\n<\/ul>\n<p><strong>UNSERE ANFORDERUNGEN<\/strong><\/p>\n<ul>\n<li>Eine erfolgreich abgeschlossene kaufm\u00e4nnische Ausbildung, idealerweise mit einer Zusatzqualifikation im Bereich Personalwesen<\/li>\n<li>Erste Erfahrungen mit Personaladministration w\u00fcnschenswert<\/li>\n<li>Sicheres freundliches Auftreten sowie Freude am Umgang mit Menschen<\/li>\n<li>Vertraulicher Umgang mit sensiblen Personal- und Unternehmensdaten geh\u00f6rt zu Deinen Kernkompetenzen<\/li>\n<li>Hohes Ma\u00df an Eigeninitiative und Verantwortungsbewusstsein<\/li>\n<li>Ge\u00fcbt im Umgang mit MS-Office-Programmen (speziell Excel &amp; Word)<\/li>\n<li>Gute Deutschkenntnisse in Wort und Schrift<\/li>\n<\/ul>\n<p><strong>UNSER ANGEBOT<\/strong><\/p>\n<ul>\n<li>Mitarbeit in einem innovativen mittelst\u00e4ndischen Unternehmen mit Konzernzugeh\u00f6rigkeit, kollegiales Betriebsklima<\/li>\n<li>pers\u00f6nliche und fachliche Weiterbildungsm\u00f6glichkeiten, flexible Arbeitszeitgestaltung mit Gleitzeitkonto,<br \/>leistungsgerechte und transparente Verg\u00fctung, 30 Tage Urlaub, betriebliche Altersvorsorge \/<br \/>Verm\u00f6genswirksame Leistungen, Einkaufsgutschein bzw. Sachbezug, Bikeleasing, Corporate Benefits<\/li>\n<li>flache Hierarchien und kurze Entscheidungswege, moderne Technik und einen langfristigen,<br \/>attraktiven Arbeitsplatz in einem international t\u00e4tigen Unternehmen.<\/li>\n<\/ul>\n<p>[\/et_pb_blurb][et_pb_blurb admin_label=&#8220;Wir freuen uns auf deine Bewerbung!&#8220; _builder_version=&#8220;4.27.4&#8243; _module_preset=&#8220;default&#8220; global_colors_info=&#8220;{}&#8220;]Wir freuen uns auf deine Bewerbung!<br \/>\n[\/et_pb_blurb][et_pb_blurb admin_label=&#8220;Ansprechpartner + Kontakt&#8220; _builder_version=&#8220;4.27.4&#8243; _module_preset=&#8220;default&#8220; global_colors_info=&#8220;{}&#8220;]<\/p>\n<p><strong>Dein Ansprechpartner<\/strong><br \/>Frau Uschi Flachs<br \/><strong><span style=\"color: #bb1e10;\">jobs@ima-tec-gmbh.com<br \/>Mobil: 0170 1015969<\/p>\n<p><\/span><\/strong><\/p>\n<p><span style=\"color: #bb1e10;\"><strong>ima-tec GmbH<\/strong><\/span><br \/>Wachtelberg 10<br \/>97273 K\u00fcrnach<\/p>\n<p>&nbsp;<\/p>\n<p>[\/et_pb_blurb][et_pb_button button_url=&#8220;https:\/\/ima-tec-gmbh.com\/de\/?page_id=4067&#038;preview=true&#8220; button_text=&#8220;JETZT ONLINE BEWERBEN&#8220; disabled_on=&#8220;off|off|off&#8220; admin_label=&#8220;Button JETZT ONLINE BEWERBEN&#8220; _builder_version=&#8220;4.27.4&#8243; _module_preset=&#8220;default&#8220; global_colors_info=&#8220;{}&#8220;][\/et_pb_button][\/et_pb_column][\/et_pb_row][\/et_pb_section]<\/p>\n","protected":false},"excerpt":{"rendered":"<p>Als Tochter der SAR Group ist die ima-tec GmbH ein kompetenter Ansprechpartner f\u00fcr intelligente Montage- und Automatisierungstechnik mit Sitz in K\u00fcrnach bei W\u00fcrzburg, wo wir mehr als 90 Menschen ein berufliches Zuhause geben. Wenn Du eine interessante und abwechslungsreiche Aufgabe suchst, dann bist Du bei uns richtig! Zur Verst\u00e4rkung unseres Teams suchen wir einen HR [&hellip;]<\/p>\n","protected":false},"author":14,"featured_media":0,"parent":0,"menu_order":0,"comment_status":"closed","ping_status":"closed","template":"","meta":{"_et_pb_use_builder":"on","_et_pb_old_content":"","_et_gb_content_width":"","footnotes":""},"class_list":["post-4580","page","type-page","status-publish","hentry"],"_links":{"self":[{"href":"https:\/\/ima-tec-gmbh.com\/de\/wp-json\/wp\/v2\/pages\/4580","targetHints":{"allow":["GET"]}}],"collection":[{"href":"https:\/\/ima-tec-gmbh.com\/de\/wp-json\/wp\/v2\/pages"}],"about":[{"href":"https:\/\/ima-tec-gmbh.com\/de\/wp-json\/wp\/v2\/types\/page"}],"author":[{"embeddable":true,"href":"https:\/\/ima-tec-gmbh.com\/de\/wp-json\/wp\/v2\/users\/14"}],"replies":[{"embeddable":true,"href":"https:\/\/ima-tec-gmbh.com\/de\/wp-json\/wp\/v2\/comments?post=4580"}],"version-history":[{"count":4,"href":"https:\/\/ima-tec-gmbh.com\/de\/wp-json\/wp\/v2\/pages\/4580\/revisions"}],"predecessor-version":[{"id":4611,"href":"https:\/\/ima-tec-gmbh.com\/de\/wp-json\/wp\/v2\/pages\/4580\/revisions\/4611"}],"wp:attachment":[{"href":"https:\/\/ima-tec-gmbh.com\/de\/wp-json\/wp\/v2\/media?parent=4580"}],"curies":[{"name":"wp","href":"https:\/\/api.w.org\/{rel}","templated":true}]}}