{"id":61,"date":"2016-08-21T18:29:27","date_gmt":"2016-08-21T16:29:27","guid":{"rendered":"http:\/\/ima-tec-gmbh.com\/de\/?page_id=61"},"modified":"2026-03-24T13:34:34","modified_gmt":"2026-03-24T12:34:34","slug":"portfolio","status":"publish","type":"page","link":"https:\/\/ima-tec-gmbh.com\/de\/portfolio\/","title":{"rendered":"Portfolio"},"content":{"rendered":"<p>[et_pb_section fb_built=&#8220;1&#8243; fullwidth=&#8220;on&#8220; admin_label=&#8220;section&#8220; module_id=&#8220;anlagen&#8220; module_class=&#8220;punktmenu&#8220; _builder_version=&#8220;4.16&#8243; background_color=&#8220;#ffffff&#8220; background_image=&#8220;https:\/\/ima-tec-gmbh.com\/wp-content\/uploads\/Home_Portfolio_Titel.jpg&#8220; transparent_background=&#8220;off&#8220; global_colors_info=&#8220;{}&#8220;][et_pb_fullwidth_header background_overlay_color=&#8220;rgba(0,0,0,0)&#8220; admin_label=&#8220;Titelbild&#8220; _builder_version=&#8220;4.16&#8243; background_color=&#8220;rgba(255, 255, 255, 0)&#8220; background_layout=&#8220;light&#8220; button_one_letter_spacing_hover=&#8220;0&#8243; button_two_letter_spacing_hover=&#8220;0&#8243; global_colors_info=&#8220;{}&#8220; button_one_text_size__hover_enabled=&#8220;off&#8220; button_one_text_size__hover=&#8220;null&#8220; button_two_text_size__hover_enabled=&#8220;off&#8220; button_two_text_size__hover=&#8220;null&#8220; button_one_text_color__hover_enabled=&#8220;off&#8220; button_one_text_color__hover=&#8220;null&#8220; button_two_text_color__hover_enabled=&#8220;off&#8220; button_two_text_color__hover=&#8220;null&#8220; button_one_border_width__hover_enabled=&#8220;off&#8220; button_one_border_width__hover=&#8220;null&#8220; button_two_border_width__hover_enabled=&#8220;off&#8220; button_two_border_width__hover=&#8220;null&#8220; button_one_border_color__hover_enabled=&#8220;off&#8220; button_one_border_color__hover=&#8220;null&#8220; button_two_border_color__hover_enabled=&#8220;off&#8220; button_two_border_color__hover=&#8220;null&#8220; button_one_border_radius__hover_enabled=&#8220;off&#8220; button_one_border_radius__hover=&#8220;null&#8220; button_two_border_radius__hover_enabled=&#8220;off&#8220; button_two_border_radius__hover=&#8220;null&#8220; button_one_letter_spacing__hover_enabled=&#8220;on&#8220; button_one_letter_spacing__hover=&#8220;0&#8243; button_two_letter_spacing__hover_enabled=&#8220;on&#8220; button_two_letter_spacing__hover=&#8220;0&#8243; button_one_bg_color__hover_enabled=&#8220;off&#8220; button_one_bg_color__hover=&#8220;null&#8220; button_two_bg_color__hover_enabled=&#8220;off&#8220; button_two_bg_color__hover=&#8220;null&#8220;]<br \/>\n[\/et_pb_fullwidth_header][\/et_pb_section][et_pb_section fb_built=&#8220;1&#8243; custom_padding_last_edited=&#8220;on|desktop&#8220; admin_label=&#8220;section&#8220; module_id=&#8220;anlagen&#8220; module_class=&#8220;punktmenu&#8220; _builder_version=&#8220;4.16&#8243; background_color=&#8220;#ffffff&#8220; custom_padding_tablet=&#8220;50px|0|50px|0&#8243; custom_padding_phone=&#8220;&#8220; global_colors_info=&#8220;{}&#8220;][et_pb_row padding_mobile=&#8220;off&#8220; column_padding_mobile=&#8220;on&#8220; _builder_version=&#8220;4.16&#8243; background_size=&#8220;initial&#8220; background_position=&#8220;top_left&#8220; background_repeat=&#8220;repeat&#8220; global_colors_info=&#8220;{}&#8220;][et_pb_column type=&#8220;4_4&#8243; _builder_version=&#8220;4.16&#8243; custom_padding=&#8220;|||&#8220; global_colors_info=&#8220;{}&#8220; custom_padding__hover=&#8220;|||&#8220;][et_pb_text _builder_version=&#8220;4.16&#8243; background_size=&#8220;initial&#8220; background_position=&#8220;top_left&#8220; background_repeat=&#8220;repeat&#8220; text_orientation=&#8220;center&#8220; module_alignment=&#8220;center&#8220; use_border_color=&#8220;off&#8220; border_color=&#8220;#ffffff&#8220; border_style=&#8220;solid&#8220; global_colors_info=&#8220;{}&#8220;]<\/p>\n<h1>Anlagen<\/h1>\n<p>[\/et_pb_text][\/et_pb_column][\/et_pb_row][et_pb_row column_structure=&#8220;1_3,1_3,1_3&#8243; _builder_version=&#8220;4.16&#8243; background_size=&#8220;initial&#8220; background_position=&#8220;top_left&#8220; background_repeat=&#8220;repeat&#8220; global_colors_info=&#8220;{}&#8220;][et_pb_column type=&#8220;1_3&#8243; _builder_version=&#8220;4.16&#8243; custom_padding=&#8220;|||&#8220; global_colors_info=&#8220;{}&#8220; custom_padding__hover=&#8220;|||&#8220;][et_pb_gallery gallery_ids=&#8220;1217,1037,1042,1043,1044&#8243; fullwidth=&#8220;on&#8220; _builder_version=&#8220;4.16&#8243; use_border_color=&#8220;off&#8220; border_color=&#8220;#ffffff&#8220; border_style=&#8220;solid&#8220; global_colors_info=&#8220;{}&#8220;]<br \/>\n[\/et_pb_gallery][et_pb_text admin_label=&#8220;Montageanlagen&#8220; _builder_version=&#8220;4.16&#8243; background_size=&#8220;initial&#8220; background_position=&#8220;top_left&#8220; background_repeat=&#8220;repeat&#8220; use_border_color=&#8220;off&#8220; border_color=&#8220;#ffffff&#8220; border_style=&#8220;solid&#8220; global_colors_info=&#8220;{}&#8220;]<\/p>\n<h4><strong><span style=\"color: #bb1e10;\">Montageanlagen<\/span><\/strong><\/h4>\n<ul>\n<li>Standard- oder Reinraumausf\u00fchrungen<\/li>\n<li>Flexible und konventionelle Zuf\u00fchrungen<\/li>\n<li>Roboter und Kamerasysteme<\/li>\n<li>Pneumatische und servomotorische Achssysteme<\/li>\n<li>Integration komplexer Fertigungsprozesse<\/li>\n<li>Rundschalttische, Linear- und Bandsysteme<\/li>\n<li>Palettierer<\/li>\n<\/ul>\n<p>[\/et_pb_text][\/et_pb_column][et_pb_column type=&#8220;1_3&#8243; _builder_version=&#8220;4.16&#8243; custom_padding=&#8220;|||&#8220; global_colors_info=&#8220;{}&#8220; custom_padding__hover=&#8220;|||&#8220;][et_pb_gallery gallery_ids=&#8220;1047,1048,1049,1050,1052&#8243; fullwidth=&#8220;on&#8220; _builder_version=&#8220;4.16&#8243; use_border_color=&#8220;off&#8220; border_color=&#8220;#ffffff&#8220; border_style=&#8220;solid&#8220; global_colors_info=&#8220;{}&#8220;]<br \/>\n[\/et_pb_gallery][et_pb_text admin_label=&#8220;Pr\u00fcfanlagen&#8220; _builder_version=&#8220;4.16&#8243; background_size=&#8220;initial&#8220; background_position=&#8220;top_left&#8220; background_repeat=&#8220;repeat&#8220; use_border_color=&#8220;off&#8220; border_color=&#8220;#ffffff&#8220; border_style=&#8220;solid&#8220; global_colors_info=&#8220;{}&#8220;]<\/p>\n<h4><strong><span style=\"color: #bb1e10;\">Pr\u00fcfanlagen<\/span><\/strong><\/h4>\n<ul>\n<li>Standard- oder Reinraumausf\u00fchrungen<\/li>\n<li>Optisches Messen und Pr\u00fcfen (2D und 3D)<\/li>\n<li>Elektrische Messungen\n<ul>\n<li>Hochvoltmessungen (HV)<\/li>\n<li>Hochstrommessungen<\/li>\n<li>Isolationspr\u00fcfungen<\/li>\n<li>CAN Kommunikation mit<br \/>Automotive-Teilnehmern<\/li>\n<li>JTAG Mikrocontrollerprogrammierung<\/li>\n<\/ul>\n<\/li>\n<li>Drehmomentmessungen<\/li>\n<li>Dichtheitspr\u00fcfungen<\/li>\n<li>Durchflussmengenmessungen<\/li>\n<li>On-The-Fly Kamerapr\u00fcfungen<\/li>\n<li>MSA<\/li>\n<li>Teilespezifische Pr\u00fcfungen<\/li>\n<li>Taktiles Messen<\/li>\n<li>Eigene Mess- und Pr\u00fcfsoftware<\/li>\n<\/ul>\n<p>[\/et_pb_text][\/et_pb_column][et_pb_column type=&#8220;1_3&#8243; _builder_version=&#8220;4.16&#8243; custom_padding=&#8220;|||&#8220; global_colors_info=&#8220;{}&#8220; custom_padding__hover=&#8220;|||&#8220;][et_pb_image src=&#8220;https:\/\/ima-tec-gmbh.com\/wp-content\/uploads\/DSC_5853.jpg&#8220; align_tablet=&#8220;center&#8220; align_phone=&#8220;center&#8220; align_last_edited=&#8220;on|desktop&#8220; _builder_version=&#8220;4.16&#8243; use_border_color=&#8220;off&#8220; global_colors_info=&#8220;{}&#8220;]<br \/>\n[\/et_pb_image][et_pb_text admin_label=&#8220;Mikromontage&#8220; _builder_version=&#8220;4.16&#8243; background_size=&#8220;initial&#8220; background_position=&#8220;top_left&#8220; background_repeat=&#8220;repeat&#8220; use_border_color=&#8220;off&#8220; global_colors_info=&#8220;{}&#8220;]<\/p>\n<h4><span style=\"color: #bb1e10;\"><strong>Mikromontage<\/strong><\/span><\/h4>\n<ul>\n<li>Standard- oder Reinraumausf\u00fchrungen<\/li>\n<li>Luftaufbereitung, -reinigung und -befeuchtung<\/li>\n<li>Ionisierung der Bauteile<\/li>\n<li>Handeln von Kleinstteilen<\/li>\n<li>H\u00f6chste Genauigkeiten<\/li>\n<li>Hochpr\u00e4zise Greifersysteme<\/li>\n<li>Hohe Ausbringungen<\/li>\n<\/ul>\n<p>[\/et_pb_text][\/et_pb_column][\/et_pb_row][\/et_pb_section][et_pb_section fb_built=&#8220;1&#8243; custom_padding_last_edited=&#8220;on|desktop&#8220; admin_label=&#8220;section&#8220; module_id=&#8220;systembaugruppen&#8220; module_class=&#8220;punktmenu&#8220; _builder_version=&#8220;4.16&#8243; background_color=&#8220;#ffffff&#8220; custom_padding_tablet=&#8220;50px|0|50px|0&#8243; custom_padding_phone=&#8220;&#8220; global_colors_info=&#8220;{}&#8220;][et_pb_row padding_mobile=&#8220;off&#8220; column_padding_mobile=&#8220;on&#8220; module_class=&#8220; et_pb_row_fullwidth&#8220; _builder_version=&#8220;4.16&#8243; background_size=&#8220;initial&#8220; background_position=&#8220;top_left&#8220; background_repeat=&#8220;repeat&#8220; width=&#8220;89%&#8220; width_tablet=&#8220;80%&#8220; width_phone=&#8220;80%&#8220; width_last_edited=&#8220;on|desktop&#8220; max_width=&#8220;89%&#8220; max_width_tablet=&#8220;80%&#8220; max_width_phone=&#8220;80%&#8220; max_width_last_edited=&#8220;on|desktop&#8220; make_fullwidth=&#8220;on&#8220; global_colors_info=&#8220;{}&#8220;][et_pb_column type=&#8220;4_4&#8243; _builder_version=&#8220;4.16&#8243; custom_padding=&#8220;|||&#8220; global_colors_info=&#8220;{}&#8220; custom_padding__hover=&#8220;|||&#8220;][et_pb_text _builder_version=&#8220;4.16&#8243; background_size=&#8220;initial&#8220; background_position=&#8220;top_left&#8220; background_repeat=&#8220;repeat&#8220; text_orientation=&#8220;center&#8220; module_alignment=&#8220;center&#8220; use_border_color=&#8220;off&#8220; border_color=&#8220;#ffffff&#8220; border_style=&#8220;solid&#8220; global_colors_info=&#8220;{}&#8220;]<\/p>\n<h1>Systembaugruppen<\/h1>\n<p>[\/et_pb_text][\/et_pb_column][\/et_pb_row][et_pb_row column_structure=&#8220;1_3,1_3,1_3&#8243; _builder_version=&#8220;4.16&#8243; background_size=&#8220;initial&#8220; background_position=&#8220;top_left&#8220; background_repeat=&#8220;repeat&#8220; global_colors_info=&#8220;{}&#8220;][et_pb_column type=&#8220;1_3&#8243; _builder_version=&#8220;4.16&#8243; custom_padding=&#8220;|||&#8220; global_colors_info=&#8220;{}&#8220; custom_padding__hover=&#8220;|||&#8220;][et_pb_image src=&#8220;https:\/\/ima-tec-gmbh.com\/wp-content\/uploads\/Portfolio_Flexible_Zufuehrungen_alt_1.jpg&#8220; align_tablet=&#8220;center&#8220; align_phone=&#8220;center&#8220; align_last_edited=&#8220;on|desktop&#8220; _builder_version=&#8220;4.16&#8243; use_border_color=&#8220;off&#8220; border_color=&#8220;#ffffff&#8220; border_style=&#8220;solid&#8220; animation=&#8220;off&#8220; sticky=&#8220;off&#8220; global_colors_info=&#8220;{}&#8220;]<br \/>\n[\/et_pb_image][et_pb_text admin_label=&#8220;Flex.Zuf\u00fchrungen&#8220; _builder_version=&#8220;4.16&#8243; background_size=&#8220;initial&#8220; background_position=&#8220;top_left&#8220; background_repeat=&#8220;repeat&#8220; hover_enabled=&#8220;0&#8243; use_border_color=&#8220;off&#8220; global_colors_info=&#8220;{}&#8220; sticky_enabled=&#8220;0&#8243;]<\/p>\n<h4><span style=\"color: #bb1e10;\"><strong>Flexible Zuf\u00fchrungen<\/strong><\/span><\/h4>\n<ul>\n<li>Geringe R\u00fcstzeiten<\/li>\n<li>Hohe Variantenvielfalt<\/li>\n<li>Einfache Produktgruppenerweiterung<\/li>\n<li>Kamera- und Roboterverkn\u00fcpfung<\/li>\n<li>Spezielle Abgreifsysteme<\/li>\n<li>Positionsgenaue Bereitstellung<\/li>\n<li>als Montageplatte zur Integration oder<\/li>\n<li>als komplettes Modul\/Gestell<\/li>\n<\/ul>\n<p>[\/et_pb_text][\/et_pb_column][et_pb_column type=&#8220;1_3&#8243; _builder_version=&#8220;4.16&#8243; custom_padding=&#8220;|||&#8220; global_colors_info=&#8220;{}&#8220; custom_padding__hover=&#8220;|||&#8220;][et_pb_image src=&#8220;https:\/\/ima-tec-gmbh.com\/wp-content\/uploads\/180115_IMA_TEC_DSC_4753.jpg&#8220; align_tablet=&#8220;center&#8220; align_phone=&#8220;center&#8220; align_last_edited=&#8220;on|desktop&#8220; _builder_version=&#8220;4.16&#8243; use_border_color=&#8220;off&#8220; border_color=&#8220;#ffffff&#8220; border_style=&#8220;solid&#8220; animation=&#8220;off&#8220; sticky=&#8220;off&#8220; global_colors_info=&#8220;{}&#8220;]<br \/>\n[\/et_pb_image][et_pb_text admin_label=&#8220;Palettierer&#8220; _builder_version=&#8220;4.16&#8243; background_size=&#8220;initial&#8220; background_position=&#8220;top_left&#8220; background_repeat=&#8220;repeat&#8220; use_border_color=&#8220;off&#8220; border_color=&#8220;#ffffff&#8220; border_style=&#8220;solid&#8220; global_colors_info=&#8220;{}&#8220;]<\/p>\n<h4><span style=\"color: #bb1e10;\"><strong>Palettierer<\/strong><\/span><\/h4>\n<ul>\n<li>Unterflurpalettierer<\/li>\n<li>Bandpalettierer<\/li>\n<li>Auf- und Abstapeleinheit<\/li>\n<li>Verpacken direkt in KLTs<\/li>\n<li>Blistergr\u00f6\u00dfen bis 400 x 600 mm<\/li>\n<\/ul>\n<p>[\/et_pb_text][\/et_pb_column][et_pb_column type=&#8220;1_3&#8243; _builder_version=&#8220;4.16&#8243; custom_padding=&#8220;|||&#8220; global_colors_info=&#8220;{}&#8220; custom_padding__hover=&#8220;|||&#8220;][et_pb_image src=&#8220;https:\/\/ima-tec-gmbh.com\/wp-content\/uploads\/Portfolio_Sysbau_SGM_1.jpg&#8220; align_tablet=&#8220;center&#8220; align_phone=&#8220;center&#8220; align_last_edited=&#8220;on|desktop&#8220; _builder_version=&#8220;4.16&#8243; use_border_color=&#8220;off&#8220; border_color=&#8220;#ffffff&#8220; border_style=&#8220;solid&#8220; animation=&#8220;off&#8220; sticky=&#8220;off&#8220; global_colors_info=&#8220;{}&#8220;]<br \/>\n[\/et_pb_image][et_pb_text admin_label=&#8220;SGM&#8220; _builder_version=&#8220;4.16&#8243; background_size=&#8220;initial&#8220; background_position=&#8220;top_left&#8220; background_repeat=&#8220;repeat&#8220; use_border_color=&#8220;off&#8220; border_color=&#8220;#ffffff&#8220; border_style=&#8220;solid&#8220; global_colors_info=&#8220;{}&#8220;]<\/p>\n<h4><span style=\"color: #bb1e10;\"><strong>SGM-Handlingssysteme<\/strong><\/span><\/h4>\n<ul>\n<li>Voll- und Teilautomatisierung von Bestandsanlagen<\/li>\n<li>Komplexe Einlege- und Entnahmehandlings<\/li>\n<li>Bereitstellung von Einlegeteilen<\/li>\n<li>Verpacken von Fertigteilen<\/li>\n<li>Teilespezifische Pr\u00fcfungen<\/li>\n<\/ul>\n<p>[\/et_pb_text][\/et_pb_column][\/et_pb_row][\/et_pb_section][et_pb_section fb_built=&#8220;1&#8243; custom_padding_last_edited=&#8220;on|desktop&#8220; admin_label=&#8220;section&#8220; module_id=&#8220;videoaufnahmen&#8220; module_class=&#8220;punktmenu&#8220; _builder_version=&#8220;4.16&#8243; background_color=&#8220;#ffffff&#8220; custom_padding_tablet=&#8220;50px|0|50px|0&#8243; custom_padding_phone=&#8220;&#8220; global_colors_info=&#8220;{}&#8220;][et_pb_row padding_mobile=&#8220;off&#8220; column_padding_mobile=&#8220;on&#8220; module_class=&#8220; et_pb_row_fullwidth&#8220; _builder_version=&#8220;4.16&#8243; background_size=&#8220;initial&#8220; background_position=&#8220;top_left&#8220; background_repeat=&#8220;repeat&#8220; width=&#8220;89%&#8220; width_tablet=&#8220;80%&#8220; width_phone=&#8220;80%&#8220; width_last_edited=&#8220;on|desktop&#8220; max_width=&#8220;89%&#8220; max_width_tablet=&#8220;80%&#8220; max_width_phone=&#8220;80%&#8220; max_width_last_edited=&#8220;on|desktop&#8220; make_fullwidth=&#8220;on&#8220; global_colors_info=&#8220;{}&#8220;][et_pb_column type=&#8220;4_4&#8243; _builder_version=&#8220;4.16&#8243; custom_padding=&#8220;|||&#8220; global_colors_info=&#8220;{}&#8220; custom_padding__hover=&#8220;|||&#8220;][et_pb_text _builder_version=&#8220;4.16&#8243; background_size=&#8220;initial&#8220; background_position=&#8220;top_left&#8220; background_repeat=&#8220;repeat&#8220; text_orientation=&#8220;center&#8220; module_alignment=&#8220;center&#8220; use_border_color=&#8220;off&#8220; global_colors_info=&#8220;{}&#8220;]<\/p>\n<h1>Videoaufnahmen<\/h1>\n<p>[\/et_pb_text][\/et_pb_column][\/et_pb_row][et_pb_row column_structure=&#8220;1_3,1_3,1_3&#8243; _builder_version=&#8220;4.16&#8243; background_size=&#8220;initial&#8220; background_position=&#8220;top_left&#8220; background_repeat=&#8220;repeat&#8220; global_colors_info=&#8220;{}&#8220;][et_pb_column type=&#8220;1_3&#8243; _builder_version=&#8220;4.16&#8243; custom_padding=&#8220;|||&#8220; global_colors_info=&#8220;{}&#8220; custom_padding__hover=&#8220;|||&#8220;][et_pb_image src=&#8220;https:\/\/ima-tec-gmbh.com\/wp-content\/uploads\/Stiftmontage-1.png&#8220; url=&#8220;https:\/\/www.youtube.com\/watch?v=GUl01gN5-ao&#8220; url_new_window=&#8220;on&#8220; use_overlay=&#8220;on&#8220; hover_icon=&#8220;&#xe0a3;||divi||400&#8243; align_tablet=&#8220;center&#8220; align_phone=&#8220;center&#8220; align_last_edited=&#8220;on|desktop&#8220; _builder_version=&#8220;4.16&#8243; use_border_color=&#8220;off&#8220; global_colors_info=&#8220;{}&#8220;]<br \/>\n[\/et_pb_image][et_pb_text admin_label=&#8220;Stiftmontage&#8220; _builder_version=&#8220;4.16&#8243; background_size=&#8220;initial&#8220; background_position=&#8220;top_left&#8220; background_repeat=&#8220;repeat&#8220; link_option_url_new_window=&#8220;on&#8220; use_border_color=&#8220;off&#8220; global_colors_info=&#8220;{}&#8220;]<\/p>\n<h5 style=\"text-align: left;\"><span style=\"color: #bb1e10;\"><strong><a style=\"color: #bb1e10;\" href=\"https:\/\/www.youtube.com\/watch?v=GUl01gN5-ao\" target=\"_blank\" rel=\"noopener\">\u00a0 \u00a0 Stiftmontage<\/a><\/strong><\/span><\/h5>\n<p>[\/et_pb_text][et_pb_image src=&#8220;https:\/\/ima-tec-gmbh.com\/wp-content\/uploads\/Vibro-Funktionen.png&#8220; url=&#8220;https:\/\/www.youtube.com\/watch?v=iBsDnmGDDzs&#8220; url_new_window=&#8220;on&#8220; use_overlay=&#8220;on&#8220; hover_icon=&#8220;&#xe0a3;||divi||400&#8243; align_tablet=&#8220;center&#8220; align_phone=&#8220;center&#8220; align_last_edited=&#8220;on|desktop&#8220; _builder_version=&#8220;4.27.4&#8243; hover_enabled=&#8220;0&#8243; use_border_color=&#8220;off&#8220; global_colors_info=&#8220;{}&#8220; title_text=&#8220;Vibro Funktionen&#8220; sticky_enabled=&#8220;0&#8243;]<br \/>\n[\/et_pb_image][et_pb_text admin_label=&#8220;Vibro Funktionen&#8220; _builder_version=&#8220;4.27.4&#8243; background_size=&#8220;initial&#8220; background_position=&#8220;top_left&#8220; background_repeat=&#8220;repeat&#8220; link_option_url_new_window=&#8220;on&#8220; hover_enabled=&#8220;0&#8243; use_border_color=&#8220;off&#8220; global_colors_info=&#8220;{}&#8220; sticky_enabled=&#8220;0&#8243;]<\/p>\n<h5 style=\"text-align: left;\"><a href=\"https:\/\/youtu.be\/iBsDnmGDDzs\"><span style=\"color: #bb1e10;\"><strong>Vibro Funktionen<\/strong><\/span><\/a><\/h5>\n<p>[\/et_pb_text][\/et_pb_column][et_pb_column type=&#8220;1_3&#8243; _builder_version=&#8220;4.16&#8243; custom_padding=&#8220;|||&#8220; global_colors_info=&#8220;{}&#8220; custom_padding__hover=&#8220;|||&#8220;][et_pb_image src=&#8220;https:\/\/ima-tec-gmbh.com\/wp-content\/uploads\/O-Ring-Montage.png&#8220; url=&#8220;https:\/\/www.youtube.com\/watch?v=-Cqm61e5LE8&#8243; url_new_window=&#8220;on&#8220; use_overlay=&#8220;on&#8220; hover_icon=&#8220;&#xe0a3;||divi||400&#8243; align_tablet=&#8220;center&#8220; align_phone=&#8220;center&#8220; align_last_edited=&#8220;on|desktop&#8220; _builder_version=&#8220;4.16&#8243; use_border_color=&#8220;off&#8220; global_colors_info=&#8220;{}&#8220;]<br \/>\n[\/et_pb_image][et_pb_text admin_label=&#8220;O-Ring Montage&#8220; _builder_version=&#8220;4.16&#8243; background_size=&#8220;initial&#8220; background_position=&#8220;top_left&#8220; background_repeat=&#8220;repeat&#8220; link_option_url_new_window=&#8220;on&#8220; use_border_color=&#8220;off&#8220; global_colors_info=&#8220;{}&#8220;]<\/p>\n<h5 style=\"text-align: left;\"><span style=\"color: #bb1e10;\"><strong><a style=\"color: #bb1e10;\" href=\"https:\/\/www.youtube.com\/watch?v=-Cqm61e5LE8\" target=\"_blank\" rel=\"noopener\">\u00a0 \u00a0 O-Ring Montage<\/a><\/strong><\/span><\/h5>\n<p>[\/et_pb_text][et_pb_image src=&#8220;https:\/\/ima-tec-gmbh.com\/wp-content\/uploads\/Dichtheitspr\u00fcfung-2.png&#8220; url=&#8220;https:\/\/www.youtube.com\/watch?v=UDbJdTGD948&#8243; url_new_window=&#8220;on&#8220; use_overlay=&#8220;on&#8220; hover_icon=&#8220;&#xe0a3;||divi||400&#8243; align_tablet=&#8220;center&#8220; align_phone=&#8220;center&#8220; align_last_edited=&#8220;on|desktop&#8220; _builder_version=&#8220;4.16&#8243; use_border_color=&#8220;off&#8220; global_colors_info=&#8220;{}&#8220;]<br \/>\n[\/et_pb_image][et_pb_text admin_label=&#8220;Dichtheitspr\u00fcfung&#8220; _builder_version=&#8220;4.16&#8243; background_size=&#8220;initial&#8220; background_position=&#8220;top_left&#8220; background_repeat=&#8220;repeat&#8220; link_option_url_new_window=&#8220;on&#8220; use_border_color=&#8220;off&#8220; global_colors_info=&#8220;{}&#8220;]<\/p>\n<h5 style=\"text-align: left;\"><span style=\"color: #bb1e10;\"><strong><a style=\"color: #bb1e10;\" href=\"https:\/\/www.youtube.com\/watch?v=UDbJdTGD948\" target=\"_blank\" rel=\"noopener\">\u00a0 \u00a0 Dichtheitspr\u00fcfung<\/a><\/strong><\/span><\/h5>\n<p>[\/et_pb_text][\/et_pb_column][et_pb_column type=&#8220;1_3&#8243; _builder_version=&#8220;4.16&#8243; custom_padding=&#8220;|||&#8220; global_colors_info=&#8220;{}&#8220; custom_padding__hover=&#8220;|||&#8220;][et_pb_image src=&#8220;https:\/\/ima-tec-gmbh.com\/wp-content\/uploads\/Pr\u00fcfanlagen.png&#8220; url=&#8220;https:\/\/www.youtube.com\/watch?v=5ZnyNk1UmLo&#8220; url_new_window=&#8220;on&#8220; use_overlay=&#8220;on&#8220; hover_icon=&#8220;&#xe0a3;||divi||400&#8243; align_tablet=&#8220;center&#8220; align_phone=&#8220;center&#8220; align_last_edited=&#8220;on|desktop&#8220; _builder_version=&#8220;4.16&#8243; use_border_color=&#8220;off&#8220; global_colors_info=&#8220;{}&#8220;]<br \/>\n[\/et_pb_image][et_pb_text admin_label=&#8220;Getriebedeckel&#8220; _builder_version=&#8220;4.16&#8243; background_size=&#8220;initial&#8220; background_position=&#8220;top_left&#8220; background_repeat=&#8220;repeat&#8220; link_option_url_new_window=&#8220;on&#8220; use_border_color=&#8220;off&#8220; global_colors_info=&#8220;{}&#8220;]<\/p>\n<h5 style=\"text-align: left;\"><span style=\"color: #bb1e10;\"><strong><a style=\"color: #bb1e10;\" href=\"https:\/\/www.youtube.com\/watch?v=5ZnyNk1UmLo\" target=\"_blank\" rel=\"noopener\">\u00a0 \u00a0 Getriebedeckelpr\u00fcfung<\/a><\/strong><\/span><\/h5>\n<p>[\/et_pb_text][et_pb_image src=&#8220;https:\/\/ima-tec-gmbh.com\/wp-content\/uploads\/Ventilmontage.png&#8220; url=&#8220;https:\/\/www.youtube.com\/watch?v=bnuKVIoszwk&#8220; url_new_window=&#8220;on&#8220; use_overlay=&#8220;on&#8220; hover_icon=&#8220;&#xe0a3;||divi||400&#8243; align_tablet=&#8220;center&#8220; align_phone=&#8220;center&#8220; align_last_edited=&#8220;on|desktop&#8220; _builder_version=&#8220;4.16&#8243; use_border_color=&#8220;off&#8220; global_colors_info=&#8220;{}&#8220;]<br \/>\n[\/et_pb_image][et_pb_text admin_label=&#8220;Ventilmontage&#8220; _builder_version=&#8220;4.16&#8243; background_size=&#8220;initial&#8220; background_position=&#8220;top_left&#8220; background_repeat=&#8220;repeat&#8220; link_option_url_new_window=&#8220;on&#8220; use_border_color=&#8220;off&#8220; global_colors_info=&#8220;{}&#8220;]<\/p>\n<h5 style=\"text-align: left;\"><span style=\"color: #bb1e10;\"><strong><a style=\"color: #bb1e10;\" href=\"https:\/\/www.youtube.com\/watch?v=bnuKVIoszwk\" target=\"_blank\" rel=\"noopener\">\u00a0 \u00a0 Ventilmontage<\/a><\/strong><\/span><\/h5>\n<p>[\/et_pb_text][\/et_pb_column][\/et_pb_row][\/et_pb_section]<\/p>\n","protected":false},"excerpt":{"rendered":"<p>Anlagen Montageanlagen Standard- oder Reinraumausf\u00fchrungen Flexible und konventionelle Zuf\u00fchrungen Roboter und Kamerasysteme Pneumatische und servomotorische Achssysteme Integration komplexer Fertigungsprozesse Rundschalttische, Linear- und Bandsysteme Palettierer Pr\u00fcfanlagen Standard- oder Reinraumausf\u00fchrungen Optisches Messen und Pr\u00fcfen (2D und 3D) Elektrische Messungen Hochvoltmessungen (HV) Hochstrommessungen Isolationspr\u00fcfungen CAN Kommunikation mitAutomotive-Teilnehmern JTAG Mikrocontrollerprogrammierung Drehmomentmessungen Dichtheitspr\u00fcfungen Durchflussmengenmessungen On-The-Fly Kamerapr\u00fcfungen MSA Teilespezifische Pr\u00fcfungen Taktiles [&hellip;]<\/p>\n","protected":false},"author":1,"featured_media":0,"parent":0,"menu_order":200,"comment_status":"closed","ping_status":"closed","template":"","meta":{"_et_pb_use_builder":"on","_et_pb_old_content":"","_et_gb_content_width":"","footnotes":""},"class_list":["post-61","page","type-page","status-publish","hentry"],"_links":{"self":[{"href":"https:\/\/ima-tec-gmbh.com\/de\/wp-json\/wp\/v2\/pages\/61","targetHints":{"allow":["GET"]}}],"collection":[{"href":"https:\/\/ima-tec-gmbh.com\/de\/wp-json\/wp\/v2\/pages"}],"about":[{"href":"https:\/\/ima-tec-gmbh.com\/de\/wp-json\/wp\/v2\/types\/page"}],"author":[{"embeddable":true,"href":"https:\/\/ima-tec-gmbh.com\/de\/wp-json\/wp\/v2\/users\/1"}],"replies":[{"embeddable":true,"href":"https:\/\/ima-tec-gmbh.com\/de\/wp-json\/wp\/v2\/comments?post=61"}],"version-history":[{"count":203,"href":"https:\/\/ima-tec-gmbh.com\/de\/wp-json\/wp\/v2\/pages\/61\/revisions"}],"predecessor-version":[{"id":4749,"href":"https:\/\/ima-tec-gmbh.com\/de\/wp-json\/wp\/v2\/pages\/61\/revisions\/4749"}],"wp:attachment":[{"href":"https:\/\/ima-tec-gmbh.com\/de\/wp-json\/wp\/v2\/media?parent=61"}],"curies":[{"name":"wp","href":"https:\/\/api.w.org\/{rel}","templated":true}]}}